{"id":603,"date":"2022-06-16T17:59:11","date_gmt":"2022-06-16T17:59:11","guid":{"rendered":"https:\/\/en.soht.ca\/?page_id=603"},"modified":"2022-09-29T02:52:22","modified_gmt":"2022-09-29T02:52:22","slug":"client-and-family-advisory-council","status":"publish","type":"page","link":"https:\/\/en.soht.ca\/fr\/get-involved\/client-and-family-advisory-council\/","title":{"rendered":"Comit\u00e9 consultatif des clients et des familles"},"content":{"rendered":"<div data-elementor-type=\"wp-post\" data-elementor-id=\"603\" class=\"elementor elementor-603\">\n\t\t\t\t\t\t\t\t\t<section class=\"elementor-section elementor-top-section elementor-element elementor-element-8193f0c elementor-section-stretched elementor-section-boxed elementor-section-height-default elementor-section-height-default\" data-id=\"8193f0c\" data-element_type=\"section\" data-settings=\"{&quot;background_background&quot;:&quot;classic&quot;,&quot;stretch_section&quot;:&quot;section-stretched&quot;}\">\n\t\t\t\t\t\t<div class=\"elementor-container elementor-column-gap-default\">\n\t\t\t\t\t<div class=\"elementor-column elementor-col-50 elementor-top-column elementor-element elementor-element-80bad55\" data-id=\"80bad55\" data-element_type=\"column\">\n\t\t\t<div class=\"elementor-widget-wrap elementor-element-populated\">\n\t\t\t\t\t\t\t\t<div class=\"elementor-element elementor-element-e5a971c elementor-widget elementor-widget-heading\" data-id=\"e5a971c\" data-element_type=\"widget\" data-widget_type=\"heading.default\">\n\t\t\t\t<div class=\"elementor-widget-container\">\n\t\t\t<style>\/*! elementor - v3.15.0 - 20-08-2023 *\/\n.elementor-heading-title{padding:0;margin:0;line-height:1}.elementor-widget-heading .elementor-heading-title[class*=elementor-size-]>a{color:inherit;font-size:inherit;line-height:inherit}.elementor-widget-heading .elementor-heading-title.elementor-size-small{font-size:15px}.elementor-widget-heading .elementor-heading-title.elementor-size-medium{font-size:19px}.elementor-widget-heading .elementor-heading-title.elementor-size-large{font-size:29px}.elementor-widget-heading .elementor-heading-title.elementor-size-xl{font-size:39px}.elementor-widget-heading .elementor-heading-title.elementor-size-xxl{font-size:59px}<\/style><h2 class=\"elementor-heading-title elementor-size-default\">Comit\u00e9 consultatif des clients et des familles<\/h2>\t\t<\/div>\n\t\t\t\t<\/div>\n\t\t\t\t<div class=\"elementor-element elementor-element-dbf0677 elementor-widget elementor-widget-text-editor\" data-id=\"dbf0677\" data-element_type=\"widget\" data-widget_type=\"text-editor.default\">\n\t\t\t\t<div class=\"elementor-widget-container\">\n\t\t\t<style>\/*! elementor - v3.15.0 - 20-08-2023 *\/\n.elementor-widget-text-editor.elementor-drop-cap-view-stacked .elementor-drop-cap{background-color:#69727d;color:#fff}.elementor-widget-text-editor.elementor-drop-cap-view-framed .elementor-drop-cap{color:#69727d;border:3px solid;background-color:transparent}.elementor-widget-text-editor:not(.elementor-drop-cap-view-default) .elementor-drop-cap{margin-top:8px}.elementor-widget-text-editor:not(.elementor-drop-cap-view-default) .elementor-drop-cap-letter{width:1em;height:1em}.elementor-widget-text-editor .elementor-drop-cap{float:left;text-align:center;line-height:1;font-size:50px}.elementor-widget-text-editor .elementor-drop-cap-letter{display:inline-block}<\/style>\t\t\t\t<p>Avec une combinaison de membres de l'organisation et de repr\u00e9sentants des clients\/des soignants\/des familles, le Comit\u00e9 consultatif des clients et des familles (CCCF) travaille main \u00e0 main avec les organisations de l'\u00c9SOS pour \u00e9valuer et co-concevoir les mises en \u0153uvre avec les \u00e9quipes de mise en \u0153uvre.<\/p><p>Les CCCF aident \u00e0 : fournir un \u00e9tat actuel de la pratique concernant l'exp\u00e9rience du patient\/le partenariat\/l'engagement ; examiner les meilleures pratiques pour fournir des recommandations tangibles \u00e0 l'\u00c9SOS, fournir un plan pour des m\u00e9canismes durables qui assurent des partenariats collaboratifs avec les patients \u00e0 travers le r\u00e9seau de partenaires de l'\u00c9SOS, et se r\u00e9unir pour co-concevoir un mod\u00e8le de soins qui peut \u00eatre utilis\u00e9 \u00e0 travers l'\u00c9SO du banc au chevet du patient.<\/p>\t\t\t\t\t\t<\/div>\n\t\t\t\t<\/div>\n\t\t\t\t\t<\/div>\n\t\t<\/div>\n\t\t\t\t<div class=\"elementor-column elementor-col-50 elementor-top-column elementor-element elementor-element-91068b5\" data-id=\"91068b5\" data-element_type=\"column\">\n\t\t\t<div class=\"elementor-widget-wrap elementor-element-populated\">\n\t\t\t\t\t\t\t\t<div class=\"elementor-element elementor-element-1eff34a animated-slow elementor-invisible elementor-widget elementor-widget-image\" data-id=\"1eff34a\" data-element_type=\"widget\" data-settings=\"{&quot;_animation&quot;:&quot;fadeIn&quot;}\" data-widget_type=\"image.default\">\n\t\t\t\t<div class=\"elementor-widget-container\">\n\t\t\t<style>\/*! elementor - v3.15.0 - 20-08-2023 *\/\n.elementor-widget-image{text-align:center}.elementor-widget-image a{display:inline-block}.elementor-widget-image a img[src$=\".svg\"]{width:48px}.elementor-widget-image img{vertical-align:middle;display:inline-block}<\/style>\t\t\t\t\t\t\t\t\t\t\t\t<img decoding=\"async\" src=\"https:\/\/en.soht.ca\/wp-content\/uploads\/2022\/08\/iStock-1176842780-smaller.jpg\" title=\"Comit\u00e9 consultatif des clients et des familles\" alt=\"Client and Family Advisory Council\" loading=\"lazy\" \/>\t\t\t\t\t\t\t\t\t\t\t\t\t\t\t<\/div>\n\t\t\t\t<\/div>\n\t\t\t\t\t<\/div>\n\t\t<\/div>\n\t\t\t\t\t\t\t<\/div>\n\t\t<\/section>\n\t\t\t\t<section class=\"elementor-section elementor-top-section elementor-element elementor-element-e8bce32 elementor-section-stretched elementor-section-boxed elementor-section-height-default elementor-section-height-default\" data-id=\"e8bce32\" data-element_type=\"section\" data-settings=\"{&quot;stretch_section&quot;:&quot;section-stretched&quot;,&quot;background_background&quot;:&quot;classic&quot;}\">\n\t\t\t\t\t\t<div class=\"elementor-container elementor-column-gap-default\">\n\t\t\t\t\t<div class=\"elementor-column elementor-col-100 elementor-top-column elementor-element elementor-element-6526a45\" data-id=\"6526a45\" data-element_type=\"column\">\n\t\t\t<div class=\"elementor-widget-wrap elementor-element-populated\">\n\t\t\t\t\t\t\t\t<div class=\"elementor-element elementor-element-9557f43 elementor-widget elementor-widget-text-editor\" data-id=\"9557f43\" data-element_type=\"widget\" data-widget_type=\"text-editor.default\">\n\t\t\t\t<div class=\"elementor-widget-container\">\n\t\t\t\t\t\t\t<p>Depuis la formation du Comit\u00e9, le groupe a cr\u00e9\u00e9 la base d'un cadre de co-conception qui engage toutes les personnes concern\u00e9es dans les organisations partenaires de l'\u00c9SO pour relayer la contribution et la r\u00e9troaction sur les mesures cl\u00e9s du succ\u00e8s concernant les initiatives d'am\u00e9lioration. Il a continuellement engag\u00e9 des conseillers de la famille des clients pour une v\u00e9ritable repr\u00e9sentation diversifi\u00e9e incorpor\u00e9e dans la planification, le suivi et l'\u00e9valuation de plusieurs projets de preuve de concept de sant\u00e9 num\u00e9rique, en examinant les id\u00e9es de changement et en prenant part \u00e0 la retraite strat\u00e9gique de l'\u00c9SOS.<\/p><p>Si vous \u00eates int\u00e9ress\u00e9(e) \u00e0 rejoindre le Comit\u00e9 ou \u00e0 conna\u00eetre plus d'informations, veuillez contacter\u00a0<a style=\"color: #ffffff;\" href=\"mailto:ScarboroughOHT@shn.ca\">ScarboroughOHT@shn.ca<\/a>.<br \/>\u00a0\u00a0<\/p>\t\t\t\t\t\t<\/div>\n\t\t\t\t<\/div>\n\t\t\t\t\t<\/div>\n\t\t<\/div>\n\t\t\t\t\t\t\t<\/div>\n\t\t<\/section>\n\t\t\t\t\t\t\t<\/div>","protected":false},"excerpt":{"rendered":"<p>CLIENT AND FAMILY ADVISORY COUNCIL With a combination of organizational membership and client\/caregiver\/family representatives, the Client and Family Advisory Committee (CFAC) works hand-in-hand with SOHT organizations to assess and co-design implementations with implementation teams. CFACs help to: provide a current state of practice pertaining to patient experience\/partnership\/engagement; review best practices to provide tangible recommendations to [&hellip;]<\/p>","protected":false},"author":1,"featured_media":3689,"parent":12,"menu_order":0,"comment_status":"closed","ping_status":"closed","template":"page-templates\/pagebuilder.php","meta":{"footnotes":""},"class_list":["post-603","page","type-page","status-publish","has-post-thumbnail","hentry"],"yoast_head":"<!-- This site is optimized with the Yoast SEO plugin v21.0 - https:\/\/yoast.com\/wordpress\/plugins\/seo\/ -->\n<title>Client and Family Advisory Council - Scarborough Ontario Health Team<\/title>\n<meta name=\"robots\" content=\"index, follow, max-snippet:-1, max-image-preview:large, max-video-preview:-1\" \/>\n<link rel=\"canonical\" href=\"https:\/\/en.soht.ca\/fr\/get-involved\/client-and-family-advisory-council\/\" \/>\n<meta property=\"og:locale\" content=\"fr_CA\" \/>\n<meta property=\"og:type\" content=\"article\" \/>\n<meta property=\"og:title\" content=\"Client and Family Advisory Council - Scarborough Ontario Health Team\" \/>\n<meta property=\"og:description\" content=\"CLIENT AND FAMILY ADVISORY COUNCIL With a combination of organizational membership and client\/caregiver\/family representatives, the Client and Family Advisory Committee (CFAC) works hand-in-hand with SOHT organizations to assess and co-design implementations with implementation teams. CFACs help to: provide a current state of practice pertaining to patient experience\/partnership\/engagement; review best practices to provide tangible recommendations to [&hellip;]\" \/>\n<meta property=\"og:url\" content=\"https:\/\/en.soht.ca\/fr\/get-involved\/client-and-family-advisory-council\/\" \/>\n<meta property=\"og:site_name\" content=\"Scarborough Ontario Health Team\" \/>\n<meta property=\"article:modified_time\" content=\"2022-09-29T02:52:22+00:00\" \/>\n<meta property=\"og:image\" content=\"https:\/\/en.soht.ca\/wp-content\/uploads\/2022\/08\/iStock-1176842780-smaller.jpg\" \/>\n\t<meta property=\"og:image:width\" content=\"1024\" \/>\n\t<meta property=\"og:image:height\" content=\"682\" \/>\n\t<meta property=\"og:image:type\" content=\"image\/jpeg\" \/>\n<meta name=\"twitter:card\" content=\"summary_large_image\" \/>\n<meta name=\"twitter:label1\" content=\"Estimation du temps de lecture\" \/>\n\t<meta name=\"twitter:data1\" content=\"2 minutes\" \/>\n<script type=\"application\/ld+json\" class=\"yoast-schema-graph\">{\"@context\":\"https:\/\/schema.org\",\"@graph\":[{\"@type\":\"WebPage\",\"@id\":\"https:\/\/en.soht.ca\/get-involved\/client-and-family-advisory-council\/\",\"url\":\"https:\/\/en.soht.ca\/get-involved\/client-and-family-advisory-council\/\",\"name\":\"Client and Family Advisory Council - Scarborough Ontario Health Team\",\"isPartOf\":{\"@id\":\"https:\/\/en.soht.ca\/#website\"},\"datePublished\":\"2022-06-16T17:59:11+00:00\",\"dateModified\":\"2022-09-29T02:52:22+00:00\",\"breadcrumb\":{\"@id\":\"https:\/\/en.soht.ca\/get-involved\/client-and-family-advisory-council\/#breadcrumb\"},\"inLanguage\":\"fr-CA\",\"potentialAction\":[{\"@type\":\"ReadAction\",\"target\":[\"https:\/\/en.soht.ca\/get-involved\/client-and-family-advisory-council\/\"]}]},{\"@type\":\"BreadcrumbList\",\"@id\":\"https:\/\/en.soht.ca\/get-involved\/client-and-family-advisory-council\/#breadcrumb\",\"itemListElement\":[{\"@type\":\"ListItem\",\"position\":1,\"name\":\"Home\",\"item\":\"https:\/\/en.soht.ca\/\"},{\"@type\":\"ListItem\",\"position\":2,\"name\":\"Get Involved\",\"item\":\"https:\/\/en.soht.ca\/get-involved\/\"},{\"@type\":\"ListItem\",\"position\":3,\"name\":\"Client and Family Advisory Council\"}]},{\"@type\":\"WebSite\",\"@id\":\"https:\/\/en.soht.ca\/#website\",\"url\":\"https:\/\/en.soht.ca\/\",\"name\":\"Scarborough Ontario Health Team\",\"description\":\"\",\"publisher\":{\"@id\":\"https:\/\/en.soht.ca\/#organization\"},\"potentialAction\":[{\"@type\":\"SearchAction\",\"target\":{\"@type\":\"EntryPoint\",\"urlTemplate\":\"https:\/\/en.soht.ca\/?s={search_term_string}\"},\"query-input\":\"required name=search_term_string\"}],\"inLanguage\":\"fr-CA\"},{\"@type\":\"Organization\",\"@id\":\"https:\/\/en.soht.ca\/#organization\",\"name\":\"Scarborough Ontario Health Team\",\"url\":\"https:\/\/en.soht.ca\/\",\"logo\":{\"@type\":\"ImageObject\",\"inLanguage\":\"fr-CA\",\"@id\":\"https:\/\/en.soht.ca\/#\/schema\/logo\/image\/\",\"url\":\"https:\/\/en.soht.ca\/wp-content\/uploads\/2022\/08\/cropped-SOHT-Horizontal-Logo-RGB7percent-1.png\",\"contentUrl\":\"https:\/\/en.soht.ca\/wp-content\/uploads\/2022\/08\/cropped-SOHT-Horizontal-Logo-RGB7percent-1.png\",\"width\":3181,\"height\":1037,\"caption\":\"Scarborough Ontario Health Team\"},\"image\":{\"@id\":\"https:\/\/en.soht.ca\/#\/schema\/logo\/image\/\"}}]}<\/script>\n<!-- \/ Yoast SEO plugin. -->","yoast_head_json":{"title":"Client and Family Advisory Council - Scarborough Ontario Health Team","robots":{"index":"index","follow":"follow","max-snippet":"max-snippet:-1","max-image-preview":"max-image-preview:large","max-video-preview":"max-video-preview:-1"},"canonical":"https:\/\/en.soht.ca\/fr\/get-involved\/client-and-family-advisory-council\/","og_locale":"fr_CA","og_type":"article","og_title":"Client and Family Advisory Council - Scarborough Ontario Health Team","og_description":"CLIENT AND FAMILY ADVISORY COUNCIL With a combination of organizational membership and client\/caregiver\/family representatives, the Client and Family Advisory Committee (CFAC) works hand-in-hand with SOHT organizations to assess and co-design implementations with implementation teams. CFACs help to: provide a current state of practice pertaining to patient experience\/partnership\/engagement; review best practices to provide tangible recommendations to [&hellip;]","og_url":"https:\/\/en.soht.ca\/fr\/get-involved\/client-and-family-advisory-council\/","og_site_name":"Scarborough Ontario Health Team","article_modified_time":"2022-09-29T02:52:22+00:00","og_image":[{"width":1024,"height":682,"url":"https:\/\/en.soht.ca\/wp-content\/uploads\/2022\/08\/iStock-1176842780-smaller.jpg","type":"image\/jpeg"}],"twitter_card":"summary_large_image","twitter_misc":{"Estimation du temps de lecture":"2 minutes"},"schema":{"@context":"https:\/\/schema.org","@graph":[{"@type":"WebPage","@id":"https:\/\/en.soht.ca\/get-involved\/client-and-family-advisory-council\/","url":"https:\/\/en.soht.ca\/get-involved\/client-and-family-advisory-council\/","name":"Client and Family Advisory Council - Scarborough Ontario Health Team","isPartOf":{"@id":"https:\/\/en.soht.ca\/#website"},"datePublished":"2022-06-16T17:59:11+00:00","dateModified":"2022-09-29T02:52:22+00:00","breadcrumb":{"@id":"https:\/\/en.soht.ca\/get-involved\/client-and-family-advisory-council\/#breadcrumb"},"inLanguage":"fr-CA","potentialAction":[{"@type":"ReadAction","target":["https:\/\/en.soht.ca\/get-involved\/client-and-family-advisory-council\/"]}]},{"@type":"BreadcrumbList","@id":"https:\/\/en.soht.ca\/get-involved\/client-and-family-advisory-council\/#breadcrumb","itemListElement":[{"@type":"ListItem","position":1,"name":"Home","item":"https:\/\/en.soht.ca\/"},{"@type":"ListItem","position":2,"name":"Get Involved","item":"https:\/\/en.soht.ca\/get-involved\/"},{"@type":"ListItem","position":3,"name":"Client and Family Advisory Council"}]},{"@type":"WebSite","@id":"https:\/\/en.soht.ca\/#website","url":"https:\/\/en.soht.ca\/","name":"Scarborough Ontario Health Team","description":"","publisher":{"@id":"https:\/\/en.soht.ca\/#organization"},"potentialAction":[{"@type":"SearchAction","target":{"@type":"EntryPoint","urlTemplate":"https:\/\/en.soht.ca\/?s={search_term_string}"},"query-input":"required name=search_term_string"}],"inLanguage":"fr-CA"},{"@type":"Organization","@id":"https:\/\/en.soht.ca\/#organization","name":"Scarborough Ontario Health Team","url":"https:\/\/en.soht.ca\/","logo":{"@type":"ImageObject","inLanguage":"fr-CA","@id":"https:\/\/en.soht.ca\/#\/schema\/logo\/image\/","url":"https:\/\/en.soht.ca\/wp-content\/uploads\/2022\/08\/cropped-SOHT-Horizontal-Logo-RGB7percent-1.png","contentUrl":"https:\/\/en.soht.ca\/wp-content\/uploads\/2022\/08\/cropped-SOHT-Horizontal-Logo-RGB7percent-1.png","width":3181,"height":1037,"caption":"Scarborough Ontario Health Team"},"image":{"@id":"https:\/\/en.soht.ca\/#\/schema\/logo\/image\/"}}]}},"post_mailing_queue_ids":[],"_links":{"self":[{"href":"https:\/\/en.soht.ca\/fr\/wp-json\/wp\/v2\/pages\/603","targetHints":{"allow":["GET"]}}],"collection":[{"href":"https:\/\/en.soht.ca\/fr\/wp-json\/wp\/v2\/pages"}],"about":[{"href":"https:\/\/en.soht.ca\/fr\/wp-json\/wp\/v2\/types\/page"}],"author":[{"embeddable":true,"href":"https:\/\/en.soht.ca\/fr\/wp-json\/wp\/v2\/users\/1"}],"replies":[{"embeddable":true,"href":"https:\/\/en.soht.ca\/fr\/wp-json\/wp\/v2\/comments?post=603"}],"version-history":[{"count":128,"href":"https:\/\/en.soht.ca\/fr\/wp-json\/wp\/v2\/pages\/603\/revisions"}],"predecessor-version":[{"id":3839,"href":"https:\/\/en.soht.ca\/fr\/wp-json\/wp\/v2\/pages\/603\/revisions\/3839"}],"up":[{"embeddable":true,"href":"https:\/\/en.soht.ca\/fr\/wp-json\/wp\/v2\/pages\/12"}],"wp:featuredmedia":[{"embeddable":true,"href":"https:\/\/en.soht.ca\/fr\/wp-json\/wp\/v2\/media\/3689"}],"wp:attachment":[{"href":"https:\/\/en.soht.ca\/fr\/wp-json\/wp\/v2\/media?parent=603"}],"curies":[{"name":"wp","href":"https:\/\/api.w.org\/{rel}","templated":true}]}}