{"id":161,"date":"2018-09-14T06:48:13","date_gmt":"2018-09-14T06:48:13","guid":{"rendered":"https:\/\/demo.themegrill.com\/zakra-education\/?page_id=161"},"modified":"2022-10-18T01:09:18","modified_gmt":"2022-10-18T01:09:18","slug":"privacy","status":"publish","type":"page","link":"https:\/\/en.soht.ca\/fr\/privacy\/","title":{"rendered":"Politique de confidentialit\u00e9"},"content":{"rendered":"<div data-elementor-type=\"wp-post\" data-elementor-id=\"161\" class=\"elementor elementor-161\">\n\t\t\t\t\t\t\t\t\t<section class=\"elementor-section elementor-top-section elementor-element elementor-element-0d6a27e elementor-section-stretched elementor-section-boxed elementor-section-height-default elementor-section-height-default\" data-id=\"0d6a27e\" data-element_type=\"section\" data-settings=\"{&quot;stretch_section&quot;:&quot;section-stretched&quot;,&quot;background_background&quot;:&quot;gradient&quot;}\">\n\t\t\t\t\t\t<div class=\"elementor-container elementor-column-gap-default\">\n\t\t\t\t\t<div class=\"elementor-column elementor-col-100 elementor-top-column elementor-element elementor-element-bf27224\" data-id=\"bf27224\" data-element_type=\"column\">\n\t\t\t<div class=\"elementor-widget-wrap elementor-element-populated\">\n\t\t\t\t\t\t\t\t<div class=\"elementor-element elementor-element-10d8b38 elementor-widget elementor-widget-image\" data-id=\"10d8b38\" data-element_type=\"widget\" data-widget_type=\"image.default\">\n\t\t\t\t<div class=\"elementor-widget-container\">\n\t\t\t<style>\/*! elementor - v3.15.0 - 20-08-2023 *\/\n.elementor-widget-image{text-align:center}.elementor-widget-image a{display:inline-block}.elementor-widget-image a img[src$=\".svg\"]{width:48px}.elementor-widget-image img{vertical-align:middle;display:inline-block}<\/style>\t\t\t\t\t\t\t\t\t\t\t\t<img decoding=\"async\" src=\"https:\/\/en.soht.ca\/wp-content\/uploads\/elementor\/thumbs\/policy-pssvladbajbleranjuym0tv7p19exbb7qcgp54ls5s.png\" title=\"Privacy Policy\" alt=\"Privacy Policy\" loading=\"lazy\" \/>\t\t\t\t\t\t\t\t\t\t\t\t\t\t\t<\/div>\n\t\t\t\t<\/div>\n\t\t\t\t\t<\/div>\n\t\t<\/div>\n\t\t\t\t\t\t\t<\/div>\n\t\t<\/section>\n\t\t\t\t<section class=\"elementor-section elementor-top-section elementor-element elementor-element-9b126ba elementor-section-stretched elementor-section-boxed elementor-section-height-default elementor-section-height-default\" data-id=\"9b126ba\" data-element_type=\"section\" data-settings=\"{&quot;stretch_section&quot;:&quot;section-stretched&quot;,&quot;background_background&quot;:&quot;gradient&quot;}\">\n\t\t\t\t\t\t<div class=\"elementor-container elementor-column-gap-default\">\n\t\t\t\t\t<div class=\"elementor-column elementor-col-100 elementor-top-column elementor-element elementor-element-0de9c6a\" data-id=\"0de9c6a\" data-element_type=\"column\">\n\t\t\t<div class=\"elementor-widget-wrap elementor-element-populated\">\n\t\t\t\t\t\t\t\t<div class=\"elementor-element elementor-element-4dc17f9 elementor-widget elementor-widget-heading\" data-id=\"4dc17f9\" data-element_type=\"widget\" data-widget_type=\"heading.default\">\n\t\t\t\t<div class=\"elementor-widget-container\">\n\t\t\t<style>\/*! elementor - v3.15.0 - 20-08-2023 *\/\n.elementor-heading-title{padding:0;margin:0;line-height:1}.elementor-widget-heading .elementor-heading-title[class*=elementor-size-]>a{color:inherit;font-size:inherit;line-height:inherit}.elementor-widget-heading .elementor-heading-title.elementor-size-small{font-size:15px}.elementor-widget-heading .elementor-heading-title.elementor-size-medium{font-size:19px}.elementor-widget-heading .elementor-heading-title.elementor-size-large{font-size:29px}.elementor-widget-heading .elementor-heading-title.elementor-size-xl{font-size:39px}.elementor-widget-heading .elementor-heading-title.elementor-size-xxl{font-size:59px}<\/style><h2 class=\"elementor-heading-title elementor-size-default\">Politique de confidentialit\u00e9<\/h2>\t\t<\/div>\n\t\t\t\t<\/div>\n\t\t\t\t\t<\/div>\n\t\t<\/div>\n\t\t\t\t\t\t\t<\/div>\n\t\t<\/section>\n\t\t\t\t<section class=\"elementor-section elementor-top-section elementor-element elementor-element-f686492 elementor-section-boxed elementor-section-height-default elementor-section-height-default\" data-id=\"f686492\" data-element_type=\"section\">\n\t\t\t\t\t\t<div class=\"elementor-container elementor-column-gap-default\">\n\t\t\t\t\t<div class=\"elementor-column elementor-col-100 elementor-top-column elementor-element elementor-element-04c4704\" data-id=\"04c4704\" data-element_type=\"column\">\n\t\t\t<div class=\"elementor-widget-wrap elementor-element-populated\">\n\t\t\t\t\t\t\t\t<div class=\"elementor-element elementor-element-0370900 elementor-widget elementor-widget-text-editor\" data-id=\"0370900\" data-element_type=\"widget\" data-widget_type=\"text-editor.default\">\n\t\t\t\t<div class=\"elementor-widget-container\">\n\t\t\t<style>\/*! elementor - v3.15.0 - 20-08-2023 *\/\n.elementor-widget-text-editor.elementor-drop-cap-view-stacked .elementor-drop-cap{background-color:#69727d;color:#fff}.elementor-widget-text-editor.elementor-drop-cap-view-framed .elementor-drop-cap{color:#69727d;border:3px solid;background-color:transparent}.elementor-widget-text-editor:not(.elementor-drop-cap-view-default) .elementor-drop-cap{margin-top:8px}.elementor-widget-text-editor:not(.elementor-drop-cap-view-default) .elementor-drop-cap-letter{width:1em;height:1em}.elementor-widget-text-editor .elementor-drop-cap{float:left;text-align:center;line-height:1;font-size:50px}.elementor-widget-text-editor .elementor-drop-cap-letter{display:inline-block}<\/style>\t\t\t\t<p>L'\u00c9quip Sant\u00e9 Ontario de Scarborough (\u00c9SOS) respecte et honore la vie priv\u00e9e et la confidentialit\u00e9 des patients et des clients qu'elle sert. L'\u00c9SOS s'assure que toutes ses organisations membres prennent les mesures appropri\u00e9es pour assurer la protection et la s\u00e9curit\u00e9 des informations des patients et des clients conform\u00e9ment \u00e0 la Loi sur la protection des renseignements personnels sur la sant\u00e9 (LPRPS) et \u00e0 toutes les autres lois applicables.<\/p><p>L'\u00c9SOS dispose d'un groupe de travail sur la confidentialit\u00e9 qui cherche \u00e0 assurer la conformit\u00e9 de la confidentialit\u00e9 et \u00e0 cr\u00e9er une structure de gouvernance pour tous les projets \u00c9SOS. Pour plus d'informations sur le groupe de travail sur la vie priv\u00e9e, contactez <a href=\"mailto:ScarboroughOHT@shn.ca\">ScarboroughOHT@shn.ca.<\/a><\/p><p>Les partenaires de l'\u00c9SOS sont soit des d\u00e9positaires d'informations sur la sant\u00e9, soit des agents de d\u00e9positaires d'informations sur la sant\u00e9 tels que d\u00e9finis par la loi sur la protection des renseignements personnels sur la sant\u00e9 (LPRPS).<\/p><p>Vous trouverez ci-dessous une liste des partenaires de l'\u00c9SOS avec des liens vers les politiques de confidentialit\u00e9 de leurs organisations respectives. Si vous avez des questions concernant la politique de confidentialit\u00e9 d'un partenaire de l'\u00c9SOS, veuillez contacter directement cette organisation en utilisant le contact indiqu\u00e9 dans leur politique.<\/p><ul><li><a href=\"https:\/\/www.vha.ca\/privacy-policy\/\" target=\"_blank\" rel=\"noopener\">VHA Home HealthCare<\/a><\/li><li><span style=\"font-style: inherit; font-weight: inherit; color: var( --e-global-color-text );\">Le R\u00e9seau des m\u00e9decins de famille de Scarborough<\/span><\/li><li>LISTE DES AUTRES PARTENAIRES ET DE LEURS POLITIQUES DE CONFIDENTIALIT\u00c9 \u00c0 VENIR<\/li><\/ul><p>*Le R\u00e9seau des m\u00e9decins de famille de Scarborough est une association de m\u00e9decins de soins primaires qui font partie de l'\u00c9SOS. Les m\u00e9decins individuels qui font partie du r\u00e9seau suivent leurs propres politiques de confidentialit\u00e9 qui r\u00e9gissent leur pratique conform\u00e9ment \u00e0 l'Ordre des m\u00e9decins et chirurgiens de l'Ontario et \u00e0 la LPRPS. Si votre fournisseur de soins primaires fait partie du r\u00e9seau, veuillez lui demander des informations sur ses pratiques.<\/p>\t\t\t\t\t\t<\/div>\n\t\t\t\t<\/div>\n\t\t\t\t\t<\/div>\n\t\t<\/div>\n\t\t\t\t\t\t\t<\/div>\n\t\t<\/section>\n\t\t\t\t\t\t\t<\/div>","protected":false},"excerpt":{"rendered":"<p>PRIVACY POLICY Scarborough Ontario Health Team (SOHT) respects and honours the privacy and confidentiality of the patients and clients it serves. SOHT ensures all its member organizations take appropriate measures to ensure the proper protection and security of patient and client information in accordance with the Personal Health Information Protection Act (PHIPA) and all other [&hellip;]<\/p>","protected":false},"author":1,"featured_media":0,"parent":0,"menu_order":0,"comment_status":"closed","ping_status":"closed","template":"elementor_header_footer","meta":{"footnotes":""},"class_list":["post-161","page","type-page","status-publish","hentry"],"yoast_head":"<!-- This site is optimized with the Yoast SEO plugin v21.0 - https:\/\/yoast.com\/wordpress\/plugins\/seo\/ -->\n<title>Privacy - Scarborough Ontario Health Team<\/title>\n<meta name=\"robots\" content=\"index, follow, max-snippet:-1, max-image-preview:large, max-video-preview:-1\" \/>\n<link rel=\"canonical\" href=\"https:\/\/en.soht.ca\/fr\/privacy\/\" \/>\n<meta property=\"og:locale\" content=\"fr_CA\" \/>\n<meta property=\"og:type\" content=\"article\" \/>\n<meta property=\"og:title\" content=\"Privacy - Scarborough Ontario Health Team\" \/>\n<meta property=\"og:description\" content=\"PRIVACY POLICY Scarborough Ontario Health Team (SOHT) respects and honours the privacy and confidentiality of the patients and clients it serves. SOHT ensures all its member organizations take appropriate measures to ensure the proper protection and security of patient and client information in accordance with the Personal Health Information Protection Act (PHIPA) and all other [&hellip;]\" \/>\n<meta property=\"og:url\" content=\"https:\/\/en.soht.ca\/fr\/privacy\/\" \/>\n<meta property=\"og:site_name\" content=\"Scarborough Ontario Health Team\" \/>\n<meta property=\"article:modified_time\" content=\"2022-10-18T01:09:18+00:00\" \/>\n<meta property=\"og:image\" content=\"https:\/\/en.soht.ca\/wp-content\/uploads\/elementor\/thumbs\/policy-pssvladbajbleranjuym0tv7p19exbb7qcgp54ls5s.png\" \/>\n<meta name=\"twitter:card\" content=\"summary_large_image\" \/>\n<meta name=\"twitter:label1\" content=\"Estimation du temps de lecture\" \/>\n\t<meta name=\"twitter:data1\" content=\"2 minutes\" \/>\n<script type=\"application\/ld+json\" class=\"yoast-schema-graph\">{\"@context\":\"https:\/\/schema.org\",\"@graph\":[{\"@type\":\"WebPage\",\"@id\":\"https:\/\/en.soht.ca\/privacy\/\",\"url\":\"https:\/\/en.soht.ca\/privacy\/\",\"name\":\"Privacy - Scarborough Ontario Health Team\",\"isPartOf\":{\"@id\":\"https:\/\/en.soht.ca\/#website\"},\"datePublished\":\"2018-09-14T06:48:13+00:00\",\"dateModified\":\"2022-10-18T01:09:18+00:00\",\"breadcrumb\":{\"@id\":\"https:\/\/en.soht.ca\/privacy\/#breadcrumb\"},\"inLanguage\":\"fr-CA\",\"potentialAction\":[{\"@type\":\"ReadAction\",\"target\":[\"https:\/\/en.soht.ca\/privacy\/\"]}]},{\"@type\":\"BreadcrumbList\",\"@id\":\"https:\/\/en.soht.ca\/privacy\/#breadcrumb\",\"itemListElement\":[{\"@type\":\"ListItem\",\"position\":1,\"name\":\"Home\",\"item\":\"https:\/\/en.soht.ca\/\"},{\"@type\":\"ListItem\",\"position\":2,\"name\":\"Privacy\"}]},{\"@type\":\"WebSite\",\"@id\":\"https:\/\/en.soht.ca\/#website\",\"url\":\"https:\/\/en.soht.ca\/\",\"name\":\"Scarborough Ontario Health Team\",\"description\":\"\",\"publisher\":{\"@id\":\"https:\/\/en.soht.ca\/#organization\"},\"potentialAction\":[{\"@type\":\"SearchAction\",\"target\":{\"@type\":\"EntryPoint\",\"urlTemplate\":\"https:\/\/en.soht.ca\/?s={search_term_string}\"},\"query-input\":\"required name=search_term_string\"}],\"inLanguage\":\"fr-CA\"},{\"@type\":\"Organization\",\"@id\":\"https:\/\/en.soht.ca\/#organization\",\"name\":\"Scarborough Ontario Health Team\",\"url\":\"https:\/\/en.soht.ca\/\",\"logo\":{\"@type\":\"ImageObject\",\"inLanguage\":\"fr-CA\",\"@id\":\"https:\/\/en.soht.ca\/#\/schema\/logo\/image\/\",\"url\":\"https:\/\/en.soht.ca\/wp-content\/uploads\/2022\/08\/cropped-SOHT-Horizontal-Logo-RGB7percent-1.png\",\"contentUrl\":\"https:\/\/en.soht.ca\/wp-content\/uploads\/2022\/08\/cropped-SOHT-Horizontal-Logo-RGB7percent-1.png\",\"width\":3181,\"height\":1037,\"caption\":\"Scarborough Ontario Health Team\"},\"image\":{\"@id\":\"https:\/\/en.soht.ca\/#\/schema\/logo\/image\/\"}}]}<\/script>\n<!-- \/ Yoast SEO plugin. -->","yoast_head_json":{"title":"Privacy - Scarborough Ontario Health Team","robots":{"index":"index","follow":"follow","max-snippet":"max-snippet:-1","max-image-preview":"max-image-preview:large","max-video-preview":"max-video-preview:-1"},"canonical":"https:\/\/en.soht.ca\/fr\/privacy\/","og_locale":"fr_CA","og_type":"article","og_title":"Privacy - Scarborough Ontario Health Team","og_description":"PRIVACY POLICY Scarborough Ontario Health Team (SOHT) respects and honours the privacy and confidentiality of the patients and clients it serves. SOHT ensures all its member organizations take appropriate measures to ensure the proper protection and security of patient and client information in accordance with the Personal Health Information Protection Act (PHIPA) and all other [&hellip;]","og_url":"https:\/\/en.soht.ca\/fr\/privacy\/","og_site_name":"Scarborough Ontario Health Team","article_modified_time":"2022-10-18T01:09:18+00:00","og_image":[{"url":"https:\/\/en.soht.ca\/wp-content\/uploads\/elementor\/thumbs\/policy-pssvladbajbleranjuym0tv7p19exbb7qcgp54ls5s.png"}],"twitter_card":"summary_large_image","twitter_misc":{"Estimation du temps de lecture":"2 minutes"},"schema":{"@context":"https:\/\/schema.org","@graph":[{"@type":"WebPage","@id":"https:\/\/en.soht.ca\/privacy\/","url":"https:\/\/en.soht.ca\/privacy\/","name":"Privacy - Scarborough Ontario Health Team","isPartOf":{"@id":"https:\/\/en.soht.ca\/#website"},"datePublished":"2018-09-14T06:48:13+00:00","dateModified":"2022-10-18T01:09:18+00:00","breadcrumb":{"@id":"https:\/\/en.soht.ca\/privacy\/#breadcrumb"},"inLanguage":"fr-CA","potentialAction":[{"@type":"ReadAction","target":["https:\/\/en.soht.ca\/privacy\/"]}]},{"@type":"BreadcrumbList","@id":"https:\/\/en.soht.ca\/privacy\/#breadcrumb","itemListElement":[{"@type":"ListItem","position":1,"name":"Home","item":"https:\/\/en.soht.ca\/"},{"@type":"ListItem","position":2,"name":"Privacy"}]},{"@type":"WebSite","@id":"https:\/\/en.soht.ca\/#website","url":"https:\/\/en.soht.ca\/","name":"Scarborough Ontario Health Team","description":"","publisher":{"@id":"https:\/\/en.soht.ca\/#organization"},"potentialAction":[{"@type":"SearchAction","target":{"@type":"EntryPoint","urlTemplate":"https:\/\/en.soht.ca\/?s={search_term_string}"},"query-input":"required name=search_term_string"}],"inLanguage":"fr-CA"},{"@type":"Organization","@id":"https:\/\/en.soht.ca\/#organization","name":"Scarborough Ontario Health Team","url":"https:\/\/en.soht.ca\/","logo":{"@type":"ImageObject","inLanguage":"fr-CA","@id":"https:\/\/en.soht.ca\/#\/schema\/logo\/image\/","url":"https:\/\/en.soht.ca\/wp-content\/uploads\/2022\/08\/cropped-SOHT-Horizontal-Logo-RGB7percent-1.png","contentUrl":"https:\/\/en.soht.ca\/wp-content\/uploads\/2022\/08\/cropped-SOHT-Horizontal-Logo-RGB7percent-1.png","width":3181,"height":1037,"caption":"Scarborough Ontario Health Team"},"image":{"@id":"https:\/\/en.soht.ca\/#\/schema\/logo\/image\/"}}]}},"post_mailing_queue_ids":[],"_links":{"self":[{"href":"https:\/\/en.soht.ca\/fr\/wp-json\/wp\/v2\/pages\/161","targetHints":{"allow":["GET"]}}],"collection":[{"href":"https:\/\/en.soht.ca\/fr\/wp-json\/wp\/v2\/pages"}],"about":[{"href":"https:\/\/en.soht.ca\/fr\/wp-json\/wp\/v2\/types\/page"}],"author":[{"embeddable":true,"href":"https:\/\/en.soht.ca\/fr\/wp-json\/wp\/v2\/users\/1"}],"replies":[{"embeddable":true,"href":"https:\/\/en.soht.ca\/fr\/wp-json\/wp\/v2\/comments?post=161"}],"version-history":[{"count":33,"href":"https:\/\/en.soht.ca\/fr\/wp-json\/wp\/v2\/pages\/161\/revisions"}],"predecessor-version":[{"id":3849,"href":"https:\/\/en.soht.ca\/fr\/wp-json\/wp\/v2\/pages\/161\/revisions\/3849"}],"wp:attachment":[{"href":"https:\/\/en.soht.ca\/fr\/wp-json\/wp\/v2\/media?parent=161"}],"curies":[{"name":"wp","href":"https:\/\/api.w.org\/{rel}","templated":true}]}}