{"id":12,"date":"2018-09-13T08:22:43","date_gmt":"2018-09-13T08:22:43","guid":{"rendered":"https:\/\/demo.themegrill.com\/zakra-education\/?page_id=12"},"modified":"2022-08-30T02:37:52","modified_gmt":"2022-08-30T02:37:52","slug":"get-involved","status":"publish","type":"page","link":"https:\/\/en.soht.ca\/fr\/get-involved\/","title":{"rendered":"S'impliquer"},"content":{"rendered":"<div data-elementor-type=\"wp-post\" data-elementor-id=\"12\" class=\"elementor elementor-12\">\n\t\t\t\t\t\t\t\t\t<section class=\"elementor-section elementor-top-section elementor-element elementor-element-8b3707f elementor-section-stretched elementor-section-boxed elementor-section-height-default elementor-section-height-default\" data-id=\"8b3707f\" data-element_type=\"section\" data-settings=\"{&quot;background_background&quot;:&quot;classic&quot;,&quot;stretch_section&quot;:&quot;section-stretched&quot;}\">\n\t\t\t\t\t\t<div class=\"elementor-container elementor-column-gap-default\">\n\t\t\t\t\t<div class=\"elementor-column elementor-col-50 elementor-top-column elementor-element elementor-element-ea977f0\" data-id=\"ea977f0\" data-element_type=\"column\">\n\t\t\t<div class=\"elementor-widget-wrap elementor-element-populated\">\n\t\t\t\t\t\t\t\t<div class=\"elementor-element elementor-element-91961de elementor-widget elementor-widget-heading\" data-id=\"91961de\" data-element_type=\"widget\" data-widget_type=\"heading.default\">\n\t\t\t\t<div class=\"elementor-widget-container\">\n\t\t\t<style>\/*! elementor - v3.15.0 - 20-08-2023 *\/\n.elementor-heading-title{padding:0;margin:0;line-height:1}.elementor-widget-heading .elementor-heading-title[class*=elementor-size-]>a{color:inherit;font-size:inherit;line-height:inherit}.elementor-widget-heading .elementor-heading-title.elementor-size-small{font-size:15px}.elementor-widget-heading .elementor-heading-title.elementor-size-medium{font-size:19px}.elementor-widget-heading .elementor-heading-title.elementor-size-large{font-size:29px}.elementor-widget-heading .elementor-heading-title.elementor-size-xl{font-size:39px}.elementor-widget-heading .elementor-heading-title.elementor-size-xxl{font-size:59px}<\/style><h2 class=\"elementor-heading-title elementor-size-default\">S'impliquer<\/h2>\t\t<\/div>\n\t\t\t\t<\/div>\n\t\t\t\t<div class=\"elementor-element elementor-element-3aa5808 elementor-widget elementor-widget-text-editor\" data-id=\"3aa5808\" data-element_type=\"widget\" data-widget_type=\"text-editor.default\">\n\t\t\t\t<div class=\"elementor-widget-container\">\n\t\t\t<style>\/*! elementor - v3.15.0 - 20-08-2023 *\/\n.elementor-widget-text-editor.elementor-drop-cap-view-stacked .elementor-drop-cap{background-color:#69727d;color:#fff}.elementor-widget-text-editor.elementor-drop-cap-view-framed .elementor-drop-cap{color:#69727d;border:3px solid;background-color:transparent}.elementor-widget-text-editor:not(.elementor-drop-cap-view-default) .elementor-drop-cap{margin-top:8px}.elementor-widget-text-editor:not(.elementor-drop-cap-view-default) .elementor-drop-cap-letter{width:1em;height:1em}.elementor-widget-text-editor .elementor-drop-cap{float:left;text-align:center;line-height:1;font-size:50px}.elementor-widget-text-editor .elementor-drop-cap-letter{display:inline-block}<\/style>\t\t\t\t<ul>\n \t<li>\n<p style=\"font-size: 18px; font-style: normal; font-weight: 400;\">Nous recherchons des personnes qui partagent une vision et des valeurs communes pour offrir une sant\u00e9 optimale et une exp\u00e9rience positive aux clients, aux familles et aux soignants \u00e0 travers un syst\u00e8me de soins accessible, \u00e9quitable et int\u00e9gr\u00e9.<\/p>\n<p style=\"font-size: 18px; font-style: normal; font-weight: 400;\">Si vous \u00eates int\u00e9ress\u00e9, vous pouvez envisager de participer au :<\/p>\n\n<ul>\n \t<li><a href=\"https:\/\/en.soht.ca\/fr\/career\/client-and-family-advisory-council\/\" style=\"color:#FFFFFF;\">Comit\u00e9 consultatif des clients et des familles<\/a><\/li>\n<\/ul>\n<p style=\"font-size: 18px; font-style: normal; font-weight: 400;\">Surveillez ici pour des opportunit\u00e9s suppl\u00e9mentaires \u00e0 venir.<\/p>\n<\/li>\n<\/ul>\t\t\t\t\t\t<\/div>\n\t\t\t\t<\/div>\n\t\t\t\t\t<\/div>\n\t\t<\/div>\n\t\t\t\t<div class=\"elementor-column elementor-col-50 elementor-top-column elementor-element elementor-element-495a4fc\" data-id=\"495a4fc\" data-element_type=\"column\">\n\t\t\t<div class=\"elementor-widget-wrap elementor-element-populated\">\n\t\t\t\t\t\t\t\t<div class=\"elementor-element elementor-element-e684cd2 animated-slow elementor-invisible elementor-widget elementor-widget-image\" data-id=\"e684cd2\" data-element_type=\"widget\" data-settings=\"{&quot;_animation&quot;:&quot;fadeIn&quot;}\" data-widget_type=\"image.default\">\n\t\t\t\t<div class=\"elementor-widget-container\">\n\t\t\t<style>\/*! elementor - v3.15.0 - 20-08-2023 *\/\n.elementor-widget-image{text-align:center}.elementor-widget-image a{display:inline-block}.elementor-widget-image a img[src$=\".svg\"]{width:48px}.elementor-widget-image img{vertical-align:middle;display:inline-block}<\/style>\t\t\t\t\t\t\t\t\t\t\t\t<img decoding=\"async\" src=\"https:\/\/en.soht.ca\/wp-content\/uploads\/2022\/08\/iStock-1081966428.jpg\" title=\"S&#039;impliquer\" alt=\"Get Involved\" loading=\"lazy\" \/>\t\t\t\t\t\t\t\t\t\t\t\t\t\t\t<\/div>\n\t\t\t\t<\/div>\n\t\t\t\t\t<\/div>\n\t\t<\/div>\n\t\t\t\t\t\t\t<\/div>\n\t\t<\/section>\n\t\t\t\t\t\t\t<\/div>","protected":false},"excerpt":{"rendered":"<p>GET INVOLVED We are looking for people who have shared vision and values to offer optimal health and positive experience to clients, families and caregivers through an accessible, equitable and integrated care system. If you are interested, you can consider participating in: Client and Family Advisory Council Watch here for additional opportunities coming soon.<\/p>","protected":false},"author":1,"featured_media":3677,"parent":0,"menu_order":0,"comment_status":"closed","ping_status":"closed","template":"page-templates\/pagebuilder.php","meta":{"footnotes":""},"class_list":["post-12","page","type-page","status-publish","has-post-thumbnail","hentry"],"yoast_head":"<!-- This site is optimized with the Yoast SEO plugin v21.0 - https:\/\/yoast.com\/wordpress\/plugins\/seo\/ -->\n<title>Get Involved - Scarborough Ontario Health Team<\/title>\n<meta name=\"robots\" content=\"index, follow, max-snippet:-1, max-image-preview:large, max-video-preview:-1\" \/>\n<link rel=\"canonical\" href=\"https:\/\/en.soht.ca\/fr\/get-involved\/\" \/>\n<meta property=\"og:locale\" content=\"fr_CA\" \/>\n<meta property=\"og:type\" content=\"article\" \/>\n<meta property=\"og:title\" content=\"Get Involved - Scarborough Ontario Health Team\" \/>\n<meta property=\"og:description\" content=\"GET INVOLVED We are looking for people who have shared vision and values to offer optimal health and positive experience to clients, families and caregivers through an accessible, equitable and integrated care system. If you are interested, you can consider participating in: Client and Family Advisory Council Watch here for additional opportunities coming soon.\" \/>\n<meta property=\"og:url\" content=\"https:\/\/en.soht.ca\/fr\/get-involved\/\" \/>\n<meta property=\"og:site_name\" content=\"Scarborough Ontario Health Team\" \/>\n<meta property=\"article:modified_time\" content=\"2022-08-30T02:37:52+00:00\" \/>\n<meta property=\"og:image\" content=\"https:\/\/en.soht.ca\/wp-content\/uploads\/2022\/08\/iStock-1081966428.jpg\" \/>\n\t<meta property=\"og:image:width\" content=\"2120\" \/>\n\t<meta property=\"og:image:height\" content=\"1415\" \/>\n\t<meta property=\"og:image:type\" content=\"image\/jpeg\" \/>\n<meta name=\"twitter:card\" content=\"summary_large_image\" \/>\n<meta name=\"twitter:label1\" content=\"Estimation du temps de lecture\" \/>\n\t<meta name=\"twitter:data1\" content=\"1 minute\" \/>\n<script type=\"application\/ld+json\" class=\"yoast-schema-graph\">{\"@context\":\"https:\/\/schema.org\",\"@graph\":[{\"@type\":\"WebPage\",\"@id\":\"https:\/\/en.soht.ca\/get-involved\/\",\"url\":\"https:\/\/en.soht.ca\/get-involved\/\",\"name\":\"Get Involved - Scarborough Ontario Health Team\",\"isPartOf\":{\"@id\":\"https:\/\/en.soht.ca\/#website\"},\"datePublished\":\"2018-09-13T08:22:43+00:00\",\"dateModified\":\"2022-08-30T02:37:52+00:00\",\"breadcrumb\":{\"@id\":\"https:\/\/en.soht.ca\/get-involved\/#breadcrumb\"},\"inLanguage\":\"fr-CA\",\"potentialAction\":[{\"@type\":\"ReadAction\",\"target\":[\"https:\/\/en.soht.ca\/get-involved\/\"]}]},{\"@type\":\"BreadcrumbList\",\"@id\":\"https:\/\/en.soht.ca\/get-involved\/#breadcrumb\",\"itemListElement\":[{\"@type\":\"ListItem\",\"position\":1,\"name\":\"Home\",\"item\":\"https:\/\/en.soht.ca\/\"},{\"@type\":\"ListItem\",\"position\":2,\"name\":\"Get Involved\"}]},{\"@type\":\"WebSite\",\"@id\":\"https:\/\/en.soht.ca\/#website\",\"url\":\"https:\/\/en.soht.ca\/\",\"name\":\"Scarborough Ontario Health Team\",\"description\":\"\",\"publisher\":{\"@id\":\"https:\/\/en.soht.ca\/#organization\"},\"potentialAction\":[{\"@type\":\"SearchAction\",\"target\":{\"@type\":\"EntryPoint\",\"urlTemplate\":\"https:\/\/en.soht.ca\/?s={search_term_string}\"},\"query-input\":\"required name=search_term_string\"}],\"inLanguage\":\"fr-CA\"},{\"@type\":\"Organization\",\"@id\":\"https:\/\/en.soht.ca\/#organization\",\"name\":\"Scarborough Ontario Health Team\",\"url\":\"https:\/\/en.soht.ca\/\",\"logo\":{\"@type\":\"ImageObject\",\"inLanguage\":\"fr-CA\",\"@id\":\"https:\/\/en.soht.ca\/#\/schema\/logo\/image\/\",\"url\":\"https:\/\/en.soht.ca\/wp-content\/uploads\/2022\/08\/cropped-SOHT-Horizontal-Logo-RGB7percent-1.png\",\"contentUrl\":\"https:\/\/en.soht.ca\/wp-content\/uploads\/2022\/08\/cropped-SOHT-Horizontal-Logo-RGB7percent-1.png\",\"width\":3181,\"height\":1037,\"caption\":\"Scarborough Ontario Health Team\"},\"image\":{\"@id\":\"https:\/\/en.soht.ca\/#\/schema\/logo\/image\/\"}}]}<\/script>\n<!-- \/ Yoast SEO plugin. -->","yoast_head_json":{"title":"Get Involved - Scarborough Ontario Health Team","robots":{"index":"index","follow":"follow","max-snippet":"max-snippet:-1","max-image-preview":"max-image-preview:large","max-video-preview":"max-video-preview:-1"},"canonical":"https:\/\/en.soht.ca\/fr\/get-involved\/","og_locale":"fr_CA","og_type":"article","og_title":"Get Involved - Scarborough Ontario Health Team","og_description":"GET INVOLVED We are looking for people who have shared vision and values to offer optimal health and positive experience to clients, families and caregivers through an accessible, equitable and integrated care system. If you are interested, you can consider participating in: Client and Family Advisory Council Watch here for additional opportunities coming soon.","og_url":"https:\/\/en.soht.ca\/fr\/get-involved\/","og_site_name":"Scarborough Ontario Health Team","article_modified_time":"2022-08-30T02:37:52+00:00","og_image":[{"width":2120,"height":1415,"url":"https:\/\/en.soht.ca\/wp-content\/uploads\/2022\/08\/iStock-1081966428.jpg","type":"image\/jpeg"}],"twitter_card":"summary_large_image","twitter_misc":{"Estimation du temps de lecture":"1 minute"},"schema":{"@context":"https:\/\/schema.org","@graph":[{"@type":"WebPage","@id":"https:\/\/en.soht.ca\/get-involved\/","url":"https:\/\/en.soht.ca\/get-involved\/","name":"Get Involved - Scarborough Ontario Health Team","isPartOf":{"@id":"https:\/\/en.soht.ca\/#website"},"datePublished":"2018-09-13T08:22:43+00:00","dateModified":"2022-08-30T02:37:52+00:00","breadcrumb":{"@id":"https:\/\/en.soht.ca\/get-involved\/#breadcrumb"},"inLanguage":"fr-CA","potentialAction":[{"@type":"ReadAction","target":["https:\/\/en.soht.ca\/get-involved\/"]}]},{"@type":"BreadcrumbList","@id":"https:\/\/en.soht.ca\/get-involved\/#breadcrumb","itemListElement":[{"@type":"ListItem","position":1,"name":"Home","item":"https:\/\/en.soht.ca\/"},{"@type":"ListItem","position":2,"name":"Get Involved"}]},{"@type":"WebSite","@id":"https:\/\/en.soht.ca\/#website","url":"https:\/\/en.soht.ca\/","name":"Scarborough Ontario Health Team","description":"","publisher":{"@id":"https:\/\/en.soht.ca\/#organization"},"potentialAction":[{"@type":"SearchAction","target":{"@type":"EntryPoint","urlTemplate":"https:\/\/en.soht.ca\/?s={search_term_string}"},"query-input":"required name=search_term_string"}],"inLanguage":"fr-CA"},{"@type":"Organization","@id":"https:\/\/en.soht.ca\/#organization","name":"Scarborough Ontario Health Team","url":"https:\/\/en.soht.ca\/","logo":{"@type":"ImageObject","inLanguage":"fr-CA","@id":"https:\/\/en.soht.ca\/#\/schema\/logo\/image\/","url":"https:\/\/en.soht.ca\/wp-content\/uploads\/2022\/08\/cropped-SOHT-Horizontal-Logo-RGB7percent-1.png","contentUrl":"https:\/\/en.soht.ca\/wp-content\/uploads\/2022\/08\/cropped-SOHT-Horizontal-Logo-RGB7percent-1.png","width":3181,"height":1037,"caption":"Scarborough Ontario Health Team"},"image":{"@id":"https:\/\/en.soht.ca\/#\/schema\/logo\/image\/"}}]}},"post_mailing_queue_ids":[],"_links":{"self":[{"href":"https:\/\/en.soht.ca\/fr\/wp-json\/wp\/v2\/pages\/12","targetHints":{"allow":["GET"]}}],"collection":[{"href":"https:\/\/en.soht.ca\/fr\/wp-json\/wp\/v2\/pages"}],"about":[{"href":"https:\/\/en.soht.ca\/fr\/wp-json\/wp\/v2\/types\/page"}],"author":[{"embeddable":true,"href":"https:\/\/en.soht.ca\/fr\/wp-json\/wp\/v2\/users\/1"}],"replies":[{"embeddable":true,"href":"https:\/\/en.soht.ca\/fr\/wp-json\/wp\/v2\/comments?post=12"}],"version-history":[{"count":59,"href":"https:\/\/en.soht.ca\/fr\/wp-json\/wp\/v2\/pages\/12\/revisions"}],"predecessor-version":[{"id":3680,"href":"https:\/\/en.soht.ca\/fr\/wp-json\/wp\/v2\/pages\/12\/revisions\/3680"}],"wp:featuredmedia":[{"embeddable":true,"href":"https:\/\/en.soht.ca\/fr\/wp-json\/wp\/v2\/media\/3677"}],"wp:attachment":[{"href":"https:\/\/en.soht.ca\/fr\/wp-json\/wp\/v2\/media?parent=12"}],"curies":[{"name":"wp","href":"https:\/\/api.w.org\/{rel}","templated":true}]}}